{"id":292,"date":"2020-11-24T10:31:46","date_gmt":"2020-11-24T17:31:38","guid":{"rendered":"https:\/\/www.bobdalegloves.com\/safety-feature-solutions\/hazard-solutions\/"},"modified":"2020-12-09T12:11:29","modified_gmt":"2020-12-09T19:11:29","slug":"safety-hazard-solutions","status":"publish","type":"page","link":"https:\/\/www.bobdalegloves.com\/fr\/safety-feature-solutions\/safety-hazard-solutions\/","title":{"rendered":"Solutions pour dangers particuliers"},"content":{"rendered":"","protected":false},"excerpt":{"rendered":"","protected":false},"author":1,"featured_media":0,"parent":290,"menu_order":0,"comment_status":"closed","ping_status":"closed","template":"","meta":{"_acf_changed":false,"_relevanssi_hide_post":"","_relevanssi_hide_content":"","_relevanssi_pin_for_all":"","_relevanssi_pin_keywords":"","_relevanssi_unpin_keywords":"","_relevanssi_related_keywords":"","_relevanssi_related_include_ids":"","_relevanssi_related_exclude_ids":"","_relevanssi_related_no_append":"","_relevanssi_related_not_related":"","_relevanssi_related_posts":"","_relevanssi_noindex_reason":"","footnotes":""},"class_list":["post-292","page","type-page","status-publish","hentry"],"acf":[],"yoast_head":"<!-- This site is optimized with the Yoast SEO plugin v27.4 - https:\/\/yoast.com\/product\/yoast-seo-wordpress\/ -->\n<title>Gants de protection et solutions pour dangers particuliers - Bob Dale Gloves (BDG)<\/title>\n<meta name=\"description\" content=\"Les gants de travail de marque Bob Dale Gloves (BDG) sont con\u00e7us pour r\u00e9pondre aux exigences les plus s\u00e9v\u00e8res des normes de s\u00e9curit\u00e9. D\u00e9couvrez les produits de protection pour les mains et les \u00c9PI appropri\u00e9s pour les dangers de votre m\u00e9tier.\" \/>\n<meta name=\"robots\" content=\"index, follow, max-snippet:-1, max-image-preview:large, max-video-preview:-1\" \/>\n<link rel=\"canonical\" href=\"https:\/\/www.bobdalegloves.com\/fr\/safety-feature-solutions\/safety-hazard-solutions\/\" \/>\n<meta property=\"og:locale\" content=\"fr_FR\" \/>\n<meta property=\"og:type\" content=\"article\" \/>\n<meta property=\"og:title\" content=\"Gants de protection et solutions pour dangers particuliers - Bob Dale Gloves (BDG)\" \/>\n<meta property=\"og:description\" content=\"Les gants de travail de marque Bob Dale Gloves (BDG) sont con\u00e7us pour r\u00e9pondre aux exigences les plus s\u00e9v\u00e8res des normes de s\u00e9curit\u00e9. D\u00e9couvrez les produits de protection pour les mains et les \u00c9PI appropri\u00e9s pour les dangers de votre m\u00e9tier.\" \/>\n<meta property=\"og:url\" content=\"https:\/\/www.bobdalegloves.com\/fr\/safety-feature-solutions\/safety-hazard-solutions\/\" \/>\n<meta property=\"og:site_name\" content=\"Bob Dale Gloves (BDG)\" \/>\n<meta property=\"article:publisher\" content=\"https:\/\/www.facebook.com\/bobdalegloves\/\" \/>\n<meta property=\"article:modified_time\" content=\"2020-12-09T19:11:29+00:00\" \/>\n<meta name=\"twitter:card\" content=\"summary_large_image\" \/>\n<meta name=\"twitter:site\" content=\"@bobdalegloves\" \/>\n<script type=\"application\/ld+json\" class=\"yoast-schema-graph\">{\"@context\":\"https:\\\/\\\/schema.org\",\"@graph\":[{\"@type\":\"WebPage\",\"@id\":\"https:\\\/\\\/www.bobdalegloves.com\\\/fr\\\/safety-feature-solutions\\\/safety-hazard-solutions\\\/\",\"url\":\"https:\\\/\\\/www.bobdalegloves.com\\\/fr\\\/safety-feature-solutions\\\/safety-hazard-solutions\\\/\",\"name\":\"Gants de protection et solutions pour dangers particuliers - Bob Dale Gloves (BDG)\",\"isPartOf\":{\"@id\":\"https:\\\/\\\/www.bobdalegloves.com\\\/fr\\\/#website\"},\"datePublished\":\"2020-11-24T17:31:38+00:00\",\"dateModified\":\"2020-12-09T19:11:29+00:00\",\"description\":\"Les gants de travail de marque Bob Dale Gloves (BDG) sont con\u00e7us pour r\u00e9pondre aux exigences les plus s\u00e9v\u00e8res des normes de s\u00e9curit\u00e9. D\u00e9couvrez les produits de protection pour les mains et les \u00c9PI appropri\u00e9s pour les dangers de votre m\u00e9tier.\",\"breadcrumb\":{\"@id\":\"https:\\\/\\\/www.bobdalegloves.com\\\/fr\\\/safety-feature-solutions\\\/safety-hazard-solutions\\\/#breadcrumb\"},\"inLanguage\":\"fr-FR\",\"potentialAction\":[{\"@type\":\"ReadAction\",\"target\":[\"https:\\\/\\\/www.bobdalegloves.com\\\/fr\\\/safety-feature-solutions\\\/safety-hazard-solutions\\\/\"]}]},{\"@type\":\"BreadcrumbList\",\"@id\":\"https:\\\/\\\/www.bobdalegloves.com\\\/fr\\\/safety-feature-solutions\\\/safety-hazard-solutions\\\/#breadcrumb\",\"itemListElement\":[{\"@type\":\"ListItem\",\"position\":1,\"name\":\"Home\",\"item\":\"https:\\\/\\\/www.bobdalegloves.com\\\/fr\\\/\"},{\"@type\":\"ListItem\",\"position\":2,\"name\":\"Solutions et caract\u00e9ristiques de protection\",\"item\":\"https:\\\/\\\/www.bobdalegloves.com\\\/fr\\\/safety-feature-solutions\\\/\"},{\"@type\":\"ListItem\",\"position\":3,\"name\":\"Solutions pour dangers particuliers\"}]},{\"@type\":\"WebSite\",\"@id\":\"https:\\\/\\\/www.bobdalegloves.com\\\/fr\\\/#website\",\"url\":\"https:\\\/\\\/www.bobdalegloves.com\\\/fr\\\/\",\"name\":\"Bob Dale Gloves (BDG)\",\"description\":\"\",\"publisher\":{\"@id\":\"https:\\\/\\\/www.bobdalegloves.com\\\/fr\\\/#organization\"},\"potentialAction\":[{\"@type\":\"SearchAction\",\"target\":{\"@type\":\"EntryPoint\",\"urlTemplate\":\"https:\\\/\\\/www.bobdalegloves.com\\\/fr\\\/?s={search_term_string}\"},\"query-input\":{\"@type\":\"PropertyValueSpecification\",\"valueRequired\":true,\"valueName\":\"search_term_string\"}}],\"inLanguage\":\"fr-FR\"},{\"@type\":\"Organization\",\"@id\":\"https:\\\/\\\/www.bobdalegloves.com\\\/fr\\\/#organization\",\"name\":\"Bob Dale Gloves (BDG)\",\"url\":\"https:\\\/\\\/www.bobdalegloves.com\\\/fr\\\/\",\"logo\":{\"@type\":\"ImageObject\",\"inLanguage\":\"fr-FR\",\"@id\":\"https:\\\/\\\/www.bobdalegloves.com\\\/fr\\\/#\\\/schema\\\/logo\\\/image\\\/\",\"url\":\"https:\\\/\\\/www.bobdalegloves.com\\\/wp-content\\\/uploads\\\/2020\\\/12\\\/Bob-Dale-Gloves-BDG-Schema-logo.png\",\"contentUrl\":\"https:\\\/\\\/www.bobdalegloves.com\\\/wp-content\\\/uploads\\\/2020\\\/12\\\/Bob-Dale-Gloves-BDG-Schema-logo.png\",\"width\":320,\"height\":180,\"caption\":\"Bob Dale Gloves (BDG)\"},\"image\":{\"@id\":\"https:\\\/\\\/www.bobdalegloves.com\\\/fr\\\/#\\\/schema\\\/logo\\\/image\\\/\"},\"sameAs\":[\"https:\\\/\\\/www.facebook.com\\\/bobdalegloves\\\/\",\"https:\\\/\\\/x.com\\\/bobdalegloves\",\"https:\\\/\\\/www.instagram.com\\\/bobdalegloves.bdg\\\/\",\"https:\\\/\\\/www.linkedin.com\\\/company\\\/bob-dale-gloves-&amp;-imports\\\/\",\"https:\\\/\\\/www.youtube.com\\\/channel\\\/UC0wl1sMhm3MK9dCiO5UogTA\"]}]}<\/script>\n<!-- \/ Yoast SEO plugin. -->","yoast_head_json":{"title":"Gants de protection et solutions pour dangers particuliers - Bob Dale Gloves (BDG)","description":"Les gants de travail de marque Bob Dale Gloves (BDG) sont con\u00e7us pour r\u00e9pondre aux exigences les plus s\u00e9v\u00e8res des normes de s\u00e9curit\u00e9. D\u00e9couvrez les produits de protection pour les mains et les \u00c9PI appropri\u00e9s pour les dangers de votre m\u00e9tier.","robots":{"index":"index","follow":"follow","max-snippet":"max-snippet:-1","max-image-preview":"max-image-preview:large","max-video-preview":"max-video-preview:-1"},"canonical":"https:\/\/www.bobdalegloves.com\/fr\/safety-feature-solutions\/safety-hazard-solutions\/","og_locale":"fr_FR","og_type":"article","og_title":"Gants de protection et solutions pour dangers particuliers - Bob Dale Gloves (BDG)","og_description":"Les gants de travail de marque Bob Dale Gloves (BDG) sont con\u00e7us pour r\u00e9pondre aux exigences les plus s\u00e9v\u00e8res des normes de s\u00e9curit\u00e9. D\u00e9couvrez les produits de protection pour les mains et les \u00c9PI appropri\u00e9s pour les dangers de votre m\u00e9tier.","og_url":"https:\/\/www.bobdalegloves.com\/fr\/safety-feature-solutions\/safety-hazard-solutions\/","og_site_name":"Bob Dale Gloves (BDG)","article_publisher":"https:\/\/www.facebook.com\/bobdalegloves\/","article_modified_time":"2020-12-09T19:11:29+00:00","twitter_card":"summary_large_image","twitter_site":"@bobdalegloves","schema":{"@context":"https:\/\/schema.org","@graph":[{"@type":"WebPage","@id":"https:\/\/www.bobdalegloves.com\/fr\/safety-feature-solutions\/safety-hazard-solutions\/","url":"https:\/\/www.bobdalegloves.com\/fr\/safety-feature-solutions\/safety-hazard-solutions\/","name":"Gants de protection et solutions pour dangers particuliers - Bob Dale Gloves (BDG)","isPartOf":{"@id":"https:\/\/www.bobdalegloves.com\/fr\/#website"},"datePublished":"2020-11-24T17:31:38+00:00","dateModified":"2020-12-09T19:11:29+00:00","description":"Les gants de travail de marque Bob Dale Gloves (BDG) sont con\u00e7us pour r\u00e9pondre aux exigences les plus s\u00e9v\u00e8res des normes de s\u00e9curit\u00e9. D\u00e9couvrez les produits de protection pour les mains et les \u00c9PI appropri\u00e9s pour les dangers de votre m\u00e9tier.","breadcrumb":{"@id":"https:\/\/www.bobdalegloves.com\/fr\/safety-feature-solutions\/safety-hazard-solutions\/#breadcrumb"},"inLanguage":"fr-FR","potentialAction":[{"@type":"ReadAction","target":["https:\/\/www.bobdalegloves.com\/fr\/safety-feature-solutions\/safety-hazard-solutions\/"]}]},{"@type":"BreadcrumbList","@id":"https:\/\/www.bobdalegloves.com\/fr\/safety-feature-solutions\/safety-hazard-solutions\/#breadcrumb","itemListElement":[{"@type":"ListItem","position":1,"name":"Home","item":"https:\/\/www.bobdalegloves.com\/fr\/"},{"@type":"ListItem","position":2,"name":"Solutions et caract\u00e9ristiques de protection","item":"https:\/\/www.bobdalegloves.com\/fr\/safety-feature-solutions\/"},{"@type":"ListItem","position":3,"name":"Solutions pour dangers particuliers"}]},{"@type":"WebSite","@id":"https:\/\/www.bobdalegloves.com\/fr\/#website","url":"https:\/\/www.bobdalegloves.com\/fr\/","name":"Bob Dale Gloves (BDG)","description":"","publisher":{"@id":"https:\/\/www.bobdalegloves.com\/fr\/#organization"},"potentialAction":[{"@type":"SearchAction","target":{"@type":"EntryPoint","urlTemplate":"https:\/\/www.bobdalegloves.com\/fr\/?s={search_term_string}"},"query-input":{"@type":"PropertyValueSpecification","valueRequired":true,"valueName":"search_term_string"}}],"inLanguage":"fr-FR"},{"@type":"Organization","@id":"https:\/\/www.bobdalegloves.com\/fr\/#organization","name":"Bob Dale Gloves (BDG)","url":"https:\/\/www.bobdalegloves.com\/fr\/","logo":{"@type":"ImageObject","inLanguage":"fr-FR","@id":"https:\/\/www.bobdalegloves.com\/fr\/#\/schema\/logo\/image\/","url":"https:\/\/www.bobdalegloves.com\/wp-content\/uploads\/2020\/12\/Bob-Dale-Gloves-BDG-Schema-logo.png","contentUrl":"https:\/\/www.bobdalegloves.com\/wp-content\/uploads\/2020\/12\/Bob-Dale-Gloves-BDG-Schema-logo.png","width":320,"height":180,"caption":"Bob Dale Gloves (BDG)"},"image":{"@id":"https:\/\/www.bobdalegloves.com\/fr\/#\/schema\/logo\/image\/"},"sameAs":["https:\/\/www.facebook.com\/bobdalegloves\/","https:\/\/x.com\/bobdalegloves","https:\/\/www.instagram.com\/bobdalegloves.bdg\/","https:\/\/www.linkedin.com\/company\/bob-dale-gloves-&amp;-imports\/","https:\/\/www.youtube.com\/channel\/UC0wl1sMhm3MK9dCiO5UogTA"]}]}},"_links":{"self":[{"href":"https:\/\/www.bobdalegloves.com\/fr\/wp-json\/wp\/v2\/pages\/292","targetHints":{"allow":["GET"]}}],"collection":[{"href":"https:\/\/www.bobdalegloves.com\/fr\/wp-json\/wp\/v2\/pages"}],"about":[{"href":"https:\/\/www.bobdalegloves.com\/fr\/wp-json\/wp\/v2\/types\/page"}],"author":[{"embeddable":true,"href":"https:\/\/www.bobdalegloves.com\/fr\/wp-json\/wp\/v2\/users\/1"}],"replies":[{"embeddable":true,"href":"https:\/\/www.bobdalegloves.com\/fr\/wp-json\/wp\/v2\/comments?post=292"}],"version-history":[{"count":0,"href":"https:\/\/www.bobdalegloves.com\/fr\/wp-json\/wp\/v2\/pages\/292\/revisions"}],"up":[{"embeddable":true,"href":"https:\/\/www.bobdalegloves.com\/fr\/wp-json\/wp\/v2\/pages\/290"}],"wp:attachment":[{"href":"https:\/\/www.bobdalegloves.com\/fr\/wp-json\/wp\/v2\/media?parent=292"}],"curies":[{"name":"wp","href":"https:\/\/api.w.org\/{rel}","templated":true}]}}